{"id":1723,"date":"2023-03-30T22:02:20","date_gmt":"2023-03-30T20:02:20","guid":{"rendered":"https:\/\/www.tinyrent.eu\/?page_id=1723"},"modified":"2023-03-31T14:30:44","modified_gmt":"2023-03-31T12:30:44","slug":"katalog-na-stiahnutie","status":"publish","type":"page","link":"https:\/\/www.tinyrent.eu\/en\/katalog-na-stiahnutie\/","title":{"rendered":"Catalog for download"},"content":{"rendered":"<section class=\"l-section wpb_row us_custom_46aafbe2 height_large\"><div class=\"l-section-h i-cf\"><div class=\"g-cols vc_row via_grid cols_1 laptops-cols_inherit tablets-cols_inherit mobiles-cols_1 valign_middle type_default stacking_default\" style=\"--gap:6rem;\"><div class=\"wpb_column vc_column_container\"><div class=\"vc_column-inner\"><h2 class=\"w-text us_custom_eb849559 icon_atleft\"><span class=\"w-text-h\"><i class=\"fal fa-arrow-to-bottom\"><\/i><span class=\"w-text-value\">Catalog for download<\/span><\/span><\/h2><div class=\"g-cols wpb_row via_grid cols_3 laptops-cols_inherit tablets-cols_inherit mobiles-cols_1 valign_top type_default stacking_default\" style=\"--gap:3rem;\"><div class=\"wpb_column vc_column_container\"><div class=\"vc_column-inner\"><\/div><\/div><div class=\"wpb_column vc_column_container\"><div class=\"vc_column-inner\"><div class=\"wpb_text_column us_custom_eb849559\"><div class=\"wpb_wrapper\"><p>We will also be happy to send you our catalog by email.<\/p>\n<\/div><\/div><div class=\"w-html\"><div class=\"wpforms-container wpforms-container-full\" id=\"wpforms-1186\"><form id=\"wpforms-form-1186\" class=\"wpforms-validate wpforms-form wpforms-ajax-form\" data-formid=\"1186\" method=\"post\" enctype=\"multipart\/form-data\" action=\"\/en\/wp-json\/wp\/v2\/pages\/1723\" data-token=\"66733e6fe35e92590e7ed7e709a9e8e9\" data-trp-original-action=\"\/en\/wp-json\/wp\/v2\/pages\/1723\"><noscript class=\"wpforms-error-noscript\">Please enable JavaScript in your browser to complete this form.<\/noscript><div class=\"wpforms-field-container\"><div id=\"wpforms-1186-field_1-container\" class=\"wpforms-field wpforms-field-email\" data-field-id=\"1\"><label class=\"wpforms-field-label wpforms-label-hide\" for=\"wpforms-1186-field_1\">E-mail <span class=\"wpforms-required-label\">*<\/span><\/label><input type=\"email\" id=\"wpforms-1186-field_1\" class=\"wpforms-field-large wpforms-field-required\" name=\"wpforms[fields][1]\" placeholder=\"Your email address\" required><\/div><div id=\"wpforms-1186-field_2-container\" class=\"wpforms-field wpforms-field-checkbox wpforms-list-inline\" data-field-id=\"2\"><label class=\"wpforms-field-label wpforms-label-hide\" for=\"wpforms-1186-field_2\">Privacy <span class=\"wpforms-required-label\">*<\/span><\/label><ul id=\"wpforms-1186-field_2\" class=\"wpforms-field-required\"><li class=\"choice-1 depth-1\"><input type=\"checkbox\" id=\"wpforms-1186-field_2_1\" name=\"wpforms[fields][2][]\" value=\"Obozn\u00e1mil som sa a s\u00fahlas\u00edm s &lt;a href=&quot;\/ochrana-osobnych-udajov\/&quot; target=&quot;_blank&quot;&gt;spracovan\u00edm osobn\u00fdch \u00fadajov&lt;\/a&gt; \" required><label class=\"wpforms-field-label-inline\" for=\"wpforms-1186-field_2_1\">I have familiarized myself with and agree with <a href=\"\/ochrana-osobnych-udajov\/\" target=\"_blank\">processing of personal data<\/a> <\/label><\/li><\/ul><\/div><\/div><input type=\"hidden\" name=\"wpforms[recaptcha]\" value=\"\"><div class=\"wpforms-submit-container\"><input type=\"hidden\" name=\"wpforms[id]\" value=\"1186\"><input type=\"hidden\" name=\"wpforms[author]\" value=\"1\"><button type=\"submit\" name=\"wpforms[submit]\" id=\"wpforms-submit-1186\" class=\"wpforms-submit\" data-alt-text=\"Presmerov\u00e1vam\" data-submit-text=\"Prejs\u0165 na katal\u00f3g\" aria-live=\"assertive\" value=\"wpforms-submit\">Go to the catalog<\/button><img loading=\"lazy\" decoding=\"async\" src=\"https:\/\/www.tinyrent.eu\/wp-content\/plugins\/wpforms\/assets\/images\/submit-spin.svg\" class=\"wpforms-submit-spinner\" style=\"display: none;\" width=\"26\" height=\"26\" alt=\"Loading\"><\/div><input type=\"hidden\" name=\"trp-form-language\" value=\"en\"\/><\/form><\/div>  <!-- .wpforms-container -->\t<\/div><\/div><\/div><div class=\"wpb_column vc_column_container\"><div class=\"vc_column-inner\"><\/div><\/div><\/div><\/div><\/div><\/div><\/div><\/section>","protected":false},"excerpt":{"rendered":"","protected":false},"author":1,"featured_media":0,"parent":0,"menu_order":0,"comment_status":"closed","ping_status":"closed","template":"","meta":{"footnotes":""},"class_list":["post-1723","page","type-page","status-publish","hentry"],"acf":[],"_links":{"self":[{"href":"https:\/\/www.tinyrent.eu\/en\/wp-json\/wp\/v2\/pages\/1723","targetHints":{"allow":["GET"]}}],"collection":[{"href":"https:\/\/www.tinyrent.eu\/en\/wp-json\/wp\/v2\/pages"}],"about":[{"href":"https:\/\/www.tinyrent.eu\/en\/wp-json\/wp\/v2\/types\/page"}],"author":[{"embeddable":true,"href":"https:\/\/www.tinyrent.eu\/en\/wp-json\/wp\/v2\/users\/1"}],"replies":[{"embeddable":true,"href":"https:\/\/www.tinyrent.eu\/en\/wp-json\/wp\/v2\/comments?post=1723"}],"version-history":[{"count":12,"href":"https:\/\/www.tinyrent.eu\/en\/wp-json\/wp\/v2\/pages\/1723\/revisions"}],"predecessor-version":[{"id":1764,"href":"https:\/\/www.tinyrent.eu\/en\/wp-json\/wp\/v2\/pages\/1723\/revisions\/1764"}],"wp:attachment":[{"href":"https:\/\/www.tinyrent.eu\/en\/wp-json\/wp\/v2\/media?parent=1723"}],"curies":[{"name":"wp","href":"https:\/\/api.w.org\/{rel}","templated":true}]}}