{"id":43,"date":"2022-12-18T12:40:07","date_gmt":"2022-12-18T10:40:07","guid":{"rendered":"https:\/\/www.tinyrent.eu\/?page_id=43"},"modified":"2024-07-12T15:30:23","modified_gmt":"2024-07-12T13:30:23","slug":"faq","status":"publish","type":"page","link":"https:\/\/www.tinyrent.eu\/en\/faq\/","title":{"rendered":"FAQ"},"content":{"rendered":"<section class=\"l-section wpb_row us_custom_84d4f98e us_animate_this height_large\"><div class=\"l-section-h i-cf\"><div class=\"g-cols vc_row via_grid cols_1 laptops-cols_inherit tablets-cols_inherit mobiles-cols_1 valign_top type_default stacking_default\"><div class=\"wpb_column vc_column_container\"><div class=\"vc_column-inner\"><div class=\"w-text us_custom_09c285cf has_text_color\"><span class=\"w-text-h\"><span class=\"w-text-value\">FAQ<\/span><\/span><\/div><h1 class=\"w-text us_custom_eb849559\"><span class=\"w-text-h\"><span class=\"w-text-value\">Frequently asked questions<\/span><\/span><\/h1><div class=\"wpb_text_column us_custom_eb849559\"><div class=\"wpb_wrapper\"><p>Here you will find answers to the most common questions. If you have further questions, you can contact us <br \/>through our email or our communication form.<\/p>\n<\/div><\/div><div class=\"w-separator size_medium\"><\/div><div class=\"w-tabs style_default switch_click accordion has_scrolling\" style=\"--sections-title-size:inherit\"><div class=\"w-tabs-sections titles-align_none icon_chevron cpos_right\"><div class=\"w-tabs-section\" id=\"k4bc\"><button class=\"w-tabs-section-header\" aria-controls=\"content-k4bc\" aria-expanded=\"false\"><div class=\"w-tabs-section-title\">I am interested in a home inspection, where can I come?<\/div><div class=\"w-tabs-section-control\"><\/div><\/button><div  class=\"w-tabs-section-content\" id=\"content-k4bc\"><div class=\"w-tabs-section-content-h i-cf\"><div class=\"wpb_text_column\"><div class=\"wpb_wrapper\"><p>Our mobile home showroom is located in Liptov, specifically at Po\u013enohospod\u00e1rska 45, Liptovsk\u00fd Mikul\u00e1\u0161. Viewings are currently only possible by telephone appointment with our Tiny Agent. You can find the number and location in the contact section.<\/p>\n<\/div><\/div><\/div><\/div><\/div><div class=\"w-tabs-section\" id=\"f5c7\"><button class=\"w-tabs-section-header\" aria-controls=\"content-f5c7\" aria-expanded=\"false\"><div class=\"w-tabs-section-title\">Is it possible to live in the houses all year round?<\/div><div class=\"w-tabs-section-control\"><\/div><\/button><div  class=\"w-tabs-section-content\" id=\"content-f5c7\"><div class=\"w-tabs-section-content-h i-cf\"><div class=\"wpb_text_column\"><div class=\"wpb_wrapper\"><p>All our houses are suitable for all four seasons, mainly thanks to their insulation and equipment adapted to all seasons.<\/p>\n<\/div><\/div><\/div><\/div><\/div><div class=\"w-tabs-section\" id=\"w6a5\"><button class=\"w-tabs-section-header\" aria-controls=\"content-w6a5\" aria-expanded=\"false\"><div class=\"w-tabs-section-title\">Can I tow the houses on wheels behind an ordinary motor vehicle?<\/div><div class=\"w-tabs-section-control\"><\/div><\/button><div  class=\"w-tabs-section-content\" id=\"content-w6a5\"><div class=\"w-tabs-section-content-h i-cf\"><div class=\"wpb_text_column\"><div class=\"wpb_wrapper\"><p>We recommend that the house be towed by a vehicle that has a certain engine power and sufficient towing capacity. They are mostly vehicles with a load capacity of 2.7 to 3.5 tons, i.e. pick-ups, jeeps or 4\u00d74 off-road vehicles. However, we will be happy to advise you whether your vehicle meets the conditions for towing a house. You can contact us via e-mail or the communication form.<\/p>\n<\/div><\/div><\/div><\/div><\/div><div class=\"w-tabs-section\" id=\"h778\"><button class=\"w-tabs-section-header\" aria-controls=\"content-h778\" aria-expanded=\"false\"><div class=\"w-tabs-section-title\">Is it necessary to have a permit to tow my house on the road?<\/div><div class=\"w-tabs-section-control\"><\/div><\/button><div  class=\"w-tabs-section-content\" id=\"content-h778\"><div class=\"w-tabs-section-content-h i-cf\"><div class=\"wpb_text_column\"><div class=\"wpb_wrapper\"><p>Tiny Houses are manufactured according to regulations 2018\/858 EC. All our products comply with these regulations. All our motorhomes have EC type approval, which allows your vehicles to be towed anywhere in Europe. No permit is required to tow your camper on the highway as it is a licensed vehicle. When buying from us, receiving a Certificate of Conformity for the registration of your vehicle at local authorities and for the issuance of license plates.<\/p>\n<\/div><\/div><\/div><\/div><\/div><div class=\"w-tabs-section\" id=\"d81a\"><button class=\"w-tabs-section-header\" aria-controls=\"content-d81a\" aria-expanded=\"false\"><div class=\"w-tabs-section-title\">Is it possible to customize the layout and design of the houses?<\/div><div class=\"w-tabs-section-control\"><\/div><\/button><div  class=\"w-tabs-section-content\" id=\"content-d81a\"><div class=\"w-tabs-section-content-h i-cf\"><div class=\"wpb_text_column\"><div class=\"wpb_wrapper\"><p>You can equip your new house with any accessories and type of equipment. The menu also offers a selection of equipment packages from the given manufacturer.<\/p>\n<\/div><\/div><\/div><\/div><\/div><div class=\"w-tabs-section\" id=\"p8ad\"><button class=\"w-tabs-section-header\" aria-controls=\"content-p8ad\" aria-expanded=\"false\"><div class=\"w-tabs-section-title\">Do you need a building permit for your houses?<\/div><div class=\"w-tabs-section-control\"><\/div><\/button><div  class=\"w-tabs-section-content\" id=\"content-p8ad\"><div class=\"w-tabs-section-content-h i-cf\"><div class=\"wpb_text_column\"><div class=\"wpb_wrapper\"><p>All our mobile homes are homologated residential trailers up to 3.5t in category O2, these homes do not fall under the building code. Other static houses are arranged up to 25 m2, which means that the furnishing process is faster and easier than for larger buildings over 25 m2.\u00a0<\/p>\n<\/div><\/div><\/div><\/div><\/div><div class=\"w-tabs-section\" id=\"n93f\"><button class=\"w-tabs-section-header\" aria-controls=\"content-n93f\" aria-expanded=\"false\"><div class=\"w-tabs-section-title\">How long does it take to produce one or, for example, 4 houses?<\/div><div class=\"w-tabs-section-control\"><\/div><\/button><div  class=\"w-tabs-section-content\" id=\"content-n93f\"><div class=\"w-tabs-section-content-h i-cf\"><div class=\"wpb_text_column\"><div class=\"wpb_wrapper\"><p>The houses in our portfolio are selected based on recommendations, feedback and detailed market research and the needs of our customers, who wait for fast delivery. We can usually deliver houses from 50 days to 90 days, even in larger quantities.\u00a0<\/p>\n<\/div><\/div><\/div><\/div><\/div><div class=\"w-tabs-section\" id=\"u9cf\"><button class=\"w-tabs-section-header\" aria-controls=\"content-u9cf\" aria-expanded=\"false\"><div class=\"w-tabs-section-title\">Is it easy to sell or buy a Glamping house on the &quot;second hand&quot; market?<\/div><div class=\"w-tabs-section-control\"><\/div><\/button><div  class=\"w-tabs-section-content\" id=\"content-u9cf\"><div class=\"w-tabs-section-content-h i-cf\"><div class=\"wpb_text_column\"><div class=\"wpb_wrapper\"><p>All mobile homes can be sold without problems even after 10 years. These houses are not fixed to the ground and are fully mobile. Other static houses can also be sold, it depends on the type of house, to be sure, ask our Tiny Agent.<\/p>\n<\/div><\/div><\/div><\/div><\/div><div class=\"w-tabs-section\" id=\"ca68\"><button class=\"w-tabs-section-header\" aria-controls=\"content-ca68\" aria-expanded=\"false\"><div class=\"w-tabs-section-title\">Is there any motor vehicle tax or tax liability arising from the purchase of a Tiny House?<\/div><div class=\"w-tabs-section-control\"><\/div><\/button><div  class=\"w-tabs-section-content\" id=\"content-ca68\"><div class=\"w-tabs-section-content-h i-cf\"><div class=\"wpb_text_column\"><div class=\"wpb_wrapper\"><p>There is no customs or annual tax liability for Tiny House in Europe.<\/p>\n<\/div><\/div><\/div><\/div><\/div><div class=\"w-tabs-section\" id=\"rafa\"><button class=\"w-tabs-section-header\" aria-controls=\"content-rafa\" aria-expanded=\"false\"><div class=\"w-tabs-section-title\">Do you provide a Tiny Rent transportation service if I don&#039;t have a suitable vehicle?<\/div><div class=\"w-tabs-section-control\"><\/div><\/button><div  class=\"w-tabs-section-content\" id=\"content-rafa\"><div class=\"w-tabs-section-content-h i-cf\"><div class=\"wpb_text_column\"><div class=\"wpb_wrapper\"><p>We at Tiny Rent provide a towing service for Tiny House owners. We can move your Tiny House to a new location at any time upon request for a nominal fee.\u00a0<\/p>\n<\/div><\/div><\/div><\/div><\/div><div class=\"w-tabs-section\" id=\"ab92\"><button class=\"w-tabs-section-header\" aria-controls=\"content-ab92\" aria-expanded=\"false\"><div class=\"w-tabs-section-title\">Do you have a guarantee when you sell houses from abroad?<\/div><div class=\"w-tabs-section-control\"><\/div><\/button><div  class=\"w-tabs-section-content\" id=\"content-ab92\"><div class=\"w-tabs-section-content-h i-cf\"><div class=\"wpb_text_column\"><div class=\"wpb_wrapper\"><p>Of course, we provide a 2-year warranty like the usual competition. The houses are also selected on the basis of quality so that the new owner can enjoy a full-fledged new home without worries and repairs.<\/p>\n<\/div><\/div><\/div><\/div><\/div><\/div><\/div><\/div><\/div><\/div><\/div><\/section>","protected":false},"excerpt":{"rendered":"","protected":false},"author":1,"featured_media":0,"parent":0,"menu_order":0,"comment_status":"closed","ping_status":"closed","template":"","meta":{"footnotes":""},"class_list":["post-43","page","type-page","status-publish","hentry"],"acf":[],"_links":{"self":[{"href":"https:\/\/www.tinyrent.eu\/en\/wp-json\/wp\/v2\/pages\/43","targetHints":{"allow":["GET"]}}],"collection":[{"href":"https:\/\/www.tinyrent.eu\/en\/wp-json\/wp\/v2\/pages"}],"about":[{"href":"https:\/\/www.tinyrent.eu\/en\/wp-json\/wp\/v2\/types\/page"}],"author":[{"embeddable":true,"href":"https:\/\/www.tinyrent.eu\/en\/wp-json\/wp\/v2\/users\/1"}],"replies":[{"embeddable":true,"href":"https:\/\/www.tinyrent.eu\/en\/wp-json\/wp\/v2\/comments?post=43"}],"version-history":[{"count":18,"href":"https:\/\/www.tinyrent.eu\/en\/wp-json\/wp\/v2\/pages\/43\/revisions"}],"predecessor-version":[{"id":2574,"href":"https:\/\/www.tinyrent.eu\/en\/wp-json\/wp\/v2\/pages\/43\/revisions\/2574"}],"wp:attachment":[{"href":"https:\/\/www.tinyrent.eu\/en\/wp-json\/wp\/v2\/media?parent=43"}],"curies":[{"name":"wp","href":"https:\/\/api.w.org\/{rel}","templated":true}]}}