{"id":20,"date":"2022-11-29T12:47:53","date_gmt":"2022-11-29T10:47:53","guid":{"rendered":"https:\/\/www.tinyrent.eu\/?page_id=20"},"modified":"2026-02-01T21:15:03","modified_gmt":"2026-02-01T19:15:03","slug":"kontakt","status":"publish","type":"page","link":"https:\/\/www.tinyrent.eu\/sk\/kontakt\/","title":{"rendered":"Kontakt"},"content":{"rendered":"<section class=\"l-section wpb_row us_custom_053b67de height_large\"><div class=\"l-section-h i-cf\"><div class=\"g-cols vc_row via_grid cols_2 laptops-cols_inherit tablets-cols_inherit mobiles-cols_1 valign_middle type_default stacking_default\"><div class=\"wpb_column vc_column_container us_custom_60e9caca us_animate_this\"><div class=\"vc_column-inner\"><h1 class=\"w-text\"><span class=\"w-text-h\"><span class=\"w-text-value\">Nap\u00ed\u0161te n\u00e1m<\/span><\/span><\/h1><div class=\"w-html\"><div class=\"wpforms-container wpforms-container-full\" id=\"wpforms-1659\"><form id=\"wpforms-form-1659\" class=\"wpforms-validate wpforms-form wpforms-ajax-form\" data-formid=\"1659\" method=\"post\" enctype=\"multipart\/form-data\" action=\"\/sk\/wp-json\/wp\/v2\/pages\/20\" data-token=\"79fd37eab0af9b8d45b738c2f97b903e\"><noscript class=\"wpforms-error-noscript\">Please enable JavaScript in your browser to complete this form.<\/noscript><div class=\"wpforms-field-container\"><div id=\"wpforms-1659-field_1-container\" class=\"wpforms-field wpforms-field-text\" data-field-id=\"1\"><label class=\"wpforms-field-label\" for=\"wpforms-1659-field_1\">Meno <span class=\"wpforms-required-label\">*<\/span><\/label><input type=\"text\" id=\"wpforms-1659-field_1\" class=\"wpforms-field-large wpforms-field-required\" name=\"wpforms[fields][1]\" placeholder=\"Va\u0161e meno pr\u00edpadne n\u00e1zov firmy\" required><\/div><div id=\"wpforms-1659-field_2-container\" class=\"wpforms-field wpforms-field-email\" data-field-id=\"2\"><label class=\"wpforms-field-label\" for=\"wpforms-1659-field_2\">Email <span class=\"wpforms-required-label\">*<\/span><\/label><input type=\"email\" id=\"wpforms-1659-field_2\" class=\"wpforms-field-large wpforms-field-required\" name=\"wpforms[fields][2]\" required><\/div><div id=\"wpforms-1659-field_3-container\" class=\"wpforms-field wpforms-field-phone\" data-field-id=\"3\"><label class=\"wpforms-field-label\" for=\"wpforms-1659-field_3\">Tel. \u010d\u00edslo <span class=\"wpforms-required-label\">*<\/span><\/label><input type=\"tel\" id=\"wpforms-1659-field_3\" class=\"wpforms-field-large wpforms-field-required wpforms-smart-phone-field\" data-rule-smart-phone-field=\"true\" name=\"wpforms[fields][3]\" placeholder=\"+4219\" required><\/div><div id=\"wpforms-1659-field_5-container\" class=\"wpforms-field wpforms-field-select wpforms-field-select-style-classic\" data-field-id=\"5\"><label class=\"wpforms-field-label\" for=\"wpforms-1659-field_5\">Kraj <span class=\"wpforms-required-label\">*<\/span><\/label><select id=\"wpforms-1659-field_5\" class=\"wpforms-field-large wpforms-field-required\" name=\"wpforms[fields][5]\" required=\"required\"><option value=\"Bratislavsk\u00fd\"  selected='selected'>Bratislavsk\u00fd<\/option><option value=\"Nitriansky\" >Nitriansky<\/option><option value=\"Trnavsk\u00fd\" >Trnavsk\u00fd<\/option><option value=\"Tren\u010diansky\" >Tren\u010diansky<\/option><option value=\"\u017dilinsk\u00fd\" >\u017dilinsk\u00fd<\/option><option value=\"Banskobystrick\u00fd\" >Banskobystrick\u00fd<\/option><option value=\"Pre\u0161ovsk\u00fd\" >Pre\u0161ovsk\u00fd<\/option><option value=\"Ko\u0161ick\u00fd\" >Ko\u0161ick\u00fd<\/option><\/select><div class=\"wpforms-field-description\">S ak\u00e9ho ste pros\u00edm kraja? <\/div><\/div><div id=\"wpforms-1659-field_4-container\" class=\"wpforms-field wpforms-field-textarea\" data-field-id=\"4\"><label class=\"wpforms-field-label\" for=\"wpforms-1659-field_4\">Spr\u00e1va<\/label><textarea id=\"wpforms-1659-field_4\" class=\"wpforms-field-medium\" name=\"wpforms[fields][4]\" placeholder=\"M\u00e1te ot\u00e1zky pr\u00edpadne z\u00e1ujem o cenov\u00fa ponuku \u010di konzult\u00e1ciu? Nap\u00ed\u0161te n\u00e1m ... \" ><\/textarea><\/div><div id=\"wpforms-1659-field_6-container\" class=\"wpforms-field wpforms-field-checkbox\" data-field-id=\"6\"><label class=\"wpforms-field-label wpforms-label-hide\" for=\"wpforms-1659-field_6\">Ochrana osobn\u00fdch \u00fadajov <span class=\"wpforms-required-label\">*<\/span><\/label><ul id=\"wpforms-1659-field_6\" class=\"wpforms-field-required\"><li class=\"choice-1 depth-1\"><input type=\"checkbox\" id=\"wpforms-1659-field_6_1\" name=\"wpforms[fields][6][]\" value=\"Obozn\u00e1mil som sa a s\u00fahlas\u00edm s &lt;a href=&quot;\/ochrana-osobnych-udajov\/&quot; target=&quot;_blank&quot;&gt;spracovan\u00edm osobn\u00fdch \u00fadajov&lt;\/a&gt; \" required ><label class=\"wpforms-field-label-inline\" for=\"wpforms-1659-field_6_1\">Obozn\u00e1mil som sa a s\u00fahlas\u00edm s <a href=\"\/ochrana-osobnych-udajov\/\" target=\"_blank\">spracovan\u00edm osobn\u00fdch \u00fadajov<\/a> <\/label><\/li><\/ul><\/div><\/div><input type=\"hidden\" name=\"wpforms[recaptcha]\" value=\"\"><div class=\"wpforms-submit-container\"><input type=\"hidden\" name=\"wpforms[id]\" value=\"1659\"><input type=\"hidden\" name=\"wpforms[author]\" value=\"1\"><button type=\"submit\" name=\"wpforms[submit]\" id=\"wpforms-submit-1659\" class=\"wpforms-submit\" data-alt-text=\"Odosielam ...\" data-submit-text=\"Odosla\u0165 spr\u00e1vu\" aria-live=\"assertive\" value=\"wpforms-submit\">Odosla\u0165 spr\u00e1vu<\/button><img loading=\"lazy\" decoding=\"async\" src=\"https:\/\/www.tinyrent.eu\/wp-content\/plugins\/wpforms\/assets\/images\/submit-spin.svg\" class=\"wpforms-submit-spinner\" style=\"display: none;\" width=\"26\" height=\"26\" alt=\"Loading\"><\/div><\/form><\/div>  <!-- .wpforms-container -->\t<\/div><\/div><\/div><div class=\"wpb_column vc_column_container us_custom_bb9ff42a us_animate_this\"><div class=\"vc_column-inner\"><div class=\"g-cols wpb_row us_custom_b4123a4e via_grid cols_1 laptops-cols_inherit tablets-cols_inherit mobiles-cols_1 valign_top type_default stacking_default\" style=\"--gap:3rem;\"><div class=\"wpb_column vc_column_container\"><div class=\"vc_column-inner\"><h3 class=\"w-text us_custom_9de87d4e\"><span class=\"w-text-h\"><span class=\"w-text-value\">Showroom Slovakia<\/span><\/span><\/h3><div class=\"wpb_text_column\"><div class=\"wpb_wrapper\"><p>Po\u013enohospod\u00e1rska 45, Liptovsk\u00fd Mikul\u00e1\u0161<\/p>\n<\/div><\/div><div class=\"w-separator size_small\"><\/div><div class=\"w-hwrapper valign_middle wrap align_none\" style=\"--hwrapper-gap:3rem\"><div class=\"w-iconbox iconpos_left style_circle color_primary align_left no_title\"><div class=\"w-iconbox-icon\" style=\"font-size:15px;\"><i class=\"fas fa-phone\"><\/i><\/div><div class=\"w-iconbox-meta\"><div class=\"w-iconbox-text\"><p><a href=\"tel:+421905318672\">+421 905 318 672<\/a><\/p>\n<\/div><\/div><\/div><div class=\"w-iconbox iconpos_left style_circle color_primary align_left no_title\"><div class=\"w-iconbox-icon\" style=\"font-size:15px;\"><i class=\"fas fa-phone\"><\/i><\/div><div class=\"w-iconbox-meta\"><div class=\"w-iconbox-text\"><p><a href=\"tel:+421905318672\">+421 905 700 015<\/a><\/p>\n<\/div><\/div><\/div><div class=\"w-iconbox us_custom_0e4b5f37 iconpos_left style_circle color_primary align_left no_title\"><div class=\"w-iconbox-icon\" style=\"font-size:15px;\"><i class=\"fas fa-at\"><\/i><\/div><div class=\"w-iconbox-meta\"><div class=\"w-iconbox-text\"><p><a href=\"mailto:info@tinyrent.eu\">info@tinyrent.eu<\/a><\/p>\n<\/div><\/div><\/div><\/div><div class=\"w-separator size_small\"><\/div><div class=\"wpb_text_column\"><div class=\"wpb_wrapper\"><p><strong>Obhliadka showroomu mobiln\u00fdch domov je mo\u017en\u00e1 po telefonickej dohode.<\/strong><\/p>\n<\/div><\/div><\/div><\/div><\/div><h3 class=\"w-text\"><span class=\"w-text-h\"><span class=\"w-text-value\">Web tinyrent.eu prev\u00e1dzkuje spolo\u010dnos\u0165<\/span><\/span><\/h3><div class=\"wpb_text_column\"><div class=\"wpb_wrapper\"><p><strong>ForrestInn s. r. o.<\/strong><br \/>Budat\u00ednska 3230\/16<br \/>851 06 Bratislava &#8211; mestsk\u00e1 \u010das\u0165 Petr\u017ealka<br \/>Slovensko<\/p>\n<p>I\u010cO: 53825705<br \/>DI\u010c: 2121505408<br \/>I\u010c DPH: SK2121505408<\/p>\n<\/div><\/div><\/div><\/div><\/div><\/div><\/section><section class=\"l-section wpb_row height_large\"><div class=\"l-section-h i-cf\"><div class=\"g-cols vc_row via_grid cols_1 laptops-cols_inherit tablets-cols_inherit mobiles-cols_1 valign_top type_default stacking_default\"><div class=\"wpb_column vc_column_container\"><div class=\"vc_column-inner\"><div class=\"w-html\"><iframe src=\"https:\/\/www.google.com\/maps\/embed?pb=!1m18!1m12!1m3!1d2613.7823575462053!2d19.59179237749109!3d49.07177157136203!2m3!1f0!2f0!3f0!3m2!1i1024!2i768!4f13.1!3m3!1m2!1s0x47159ed108ebb0d7%3A0xcd0e0da917de8c0a!2zUG_Evm5vaG9zcG9kw6Fyc2thIDQ1LCAwMzIgMDEgTGlwdG92c2vDvSBNaWt1bMOhxaE!5e0!3m2!1ssk!2ssk!4v1710190683075!5m2!1ssk!2ssk\" width=\"100%\" height=\"450\" style=\"border:0;\" allowfullscreen=\"\" loading=\"lazy\" referrerpolicy=\"no-referrer-when-downgrade\"><\/iframe><\/div><\/div><\/div><\/div><\/div><\/section>\n","protected":false},"excerpt":{"rendered":"","protected":false},"author":1,"featured_media":0,"parent":0,"menu_order":0,"comment_status":"closed","ping_status":"closed","template":"","meta":{"footnotes":""},"class_list":["post-20","page","type-page","status-publish","hentry"],"acf":[],"_links":{"self":[{"href":"https:\/\/www.tinyrent.eu\/sk\/wp-json\/wp\/v2\/pages\/20","targetHints":{"allow":["GET"]}}],"collection":[{"href":"https:\/\/www.tinyrent.eu\/sk\/wp-json\/wp\/v2\/pages"}],"about":[{"href":"https:\/\/www.tinyrent.eu\/sk\/wp-json\/wp\/v2\/types\/page"}],"author":[{"embeddable":true,"href":"https:\/\/www.tinyrent.eu\/sk\/wp-json\/wp\/v2\/users\/1"}],"replies":[{"embeddable":true,"href":"https:\/\/www.tinyrent.eu\/sk\/wp-json\/wp\/v2\/comments?post=20"}],"version-history":[{"count":29,"href":"https:\/\/www.tinyrent.eu\/sk\/wp-json\/wp\/v2\/pages\/20\/revisions"}],"predecessor-version":[{"id":2763,"href":"https:\/\/www.tinyrent.eu\/sk\/wp-json\/wp\/v2\/pages\/20\/revisions\/2763"}],"wp:attachment":[{"href":"https:\/\/www.tinyrent.eu\/sk\/wp-json\/wp\/v2\/media?parent=20"}],"curies":[{"name":"wp","href":"https:\/\/api.w.org\/{rel}","templated":true}]}}