{"id":2139,"date":"2024-02-20T00:40:43","date_gmt":"2024-02-19T22:40:43","guid":{"rendered":"https:\/\/www.tinyrent.eu\/?page_id=2139"},"modified":"2024-07-12T15:42:07","modified_gmt":"2024-07-12T13:42:07","slug":"modely-domov","status":"publish","type":"page","link":"https:\/\/www.tinyrent.eu\/sk\/modely-domov\/","title":{"rendered":"Modely domov"},"content":{"rendered":"<section class=\"l-section wpb_row height_large\"><div class=\"l-section-h i-cf\"><div class=\"g-cols vc_row via_grid cols_1 laptops-cols_inherit tablets-cols_inherit mobiles-cols_1 valign_top type_default stacking_default\"><div class=\"wpb_column vc_column_container\"><div class=\"vc_column-inner\"><div class=\"g-cols wpb_row via_grid cols_2-3 laptops-cols_inherit tablets-cols_inherit mobiles-cols_1 valign_top type_default stacking_default\" style=\"--gap:3rem;\"><div class=\"wpb_column vc_column_container\"><div class=\"vc_column-inner\"><h2 class=\"w-text icon_atleft\"><span class=\"w-text-h\"><i class=\"fal fa-home-lg-alt\"><\/i><span class=\"w-text-value\">Tiny House na koles\u00e1ch<\/span><\/span><\/h2><\/div><\/div><div class=\"wpb_column vc_column_container\"><div class=\"vc_column-inner\"><div class=\"wpb_text_column\"><div class=\"wpb_wrapper\"><p>Dan\u00e1 skupina mobiln\u00fdch domov spadaj\u00fa do kateg\u00f3rie homologizovan\u00fdch mobiln\u00fdch domov na podvozku v kateg\u00f3ri\u00ed O2 do 3,5T. Tieto domy s\u00fa najv\u00fdhodnej\u0161ie kv\u00f4li financovaniu leasingom a odpisovaniu v \u00fa\u010dtovn\u00edctve. S\u00fa naozaj mobiln\u00e9 a nepodliehaj\u00fa stavebn\u00fdm z\u00e1konom. N\u00e1jdete domy s obytnou plochou od 12m2 a\u017e 36m2 a to v\u0161etko na koles\u00e1ch a s komfortom hotela.<\/p>\n<\/div><\/div><\/div><\/div><\/div><div class=\"w-separator size_custom with_line width_default thick_1 style_solid color_border align_center\" style=\"height:64px\"><div class=\"w-separator-h\"><\/div><\/div><div class=\"w-grid type_grid layout_11 cols_3 overflow_hidden\" id=\"us_grid_1\" style=\"--gap:1.5rem;\" data-filterable=\"true\"><style>@media (max-width:1024px){#us_grid_1 .w-grid-item{width:50%}}@media (max-width:600px){#us_grid_1 .w-grid-list{margin:0}#us_grid_1 .w-grid-item{width:100%;padding:0;margin-bottom:var(--gap,0px)}}.layout_11 .w-grid-item-h{background:var(--color-content-bg);color:var(--color-content-text);border-radius:0.3rem;box-shadow:0 0.03rem 0.06rem rgba(0,0,0,0.1),0 0.1rem 0.3rem rgba(0,0,0,0.1);transition-duration:0.3s}.no-touch .layout_11 .w-grid-item-h:hover{box-shadow:0 0.1rem 0.2rem rgba(0,0,0,0.1),0 0.33rem 1rem rgba(0,0,0,0.15);z-index:4}.layout_11 .usg_vwrapper_1{transition-duration:0.2s;transform-origin:50% 50%;transform:scale(1) translate(0%,0%)}.layout_11 .w-grid-item-h:hover .usg_vwrapper_1{transform:scale(1) translate(0%,-2.40rem);opacity:1}.layout_11 .usg_vwrapper_1{background:inherit!important;padding:1rem 1.2rem 1rem 1.2rem!important}.layout_11 .usg_post_title_1{color:var(--color-content-heading)!important;font-size:1rem!important;font-weight:700!important;margin-bottom:0.3rem!important}.layout_11 .usg_post_custom_field_1{color:var(--color-header-middle-bg)!important;font-size:12px!important;border-radius:20px!important;position:absolute!important;left:16px!important;top:16px!important;z-index:2!important;background:var(--color-content-secondary)!important;padding:2px 8px 2px 8px!important}.layout_11 .usg_post_custom_field_2{color:var(--color-header-middle-bg)!important;font-size:12px!important;border-radius:20px!important;position:absolute!important;left:16px!important;top:16px!important;z-index:2!important;background:var(--color-content-primary)!important;padding:2px 8px 2px 8px!important}@media (min-width:1025px) and (max-width:1280px){.layout_11 .usg_vwrapper_1{background:inherit!important;padding:1rem 1.2rem 1rem 1.2rem!important}.layout_11 .usg_post_title_1{color:var(--color-content-heading)!important;font-size:1rem!important;font-weight:700!important;margin-bottom:0.3rem!important}.layout_11 .usg_post_custom_field_1{color:var(--color-header-middle-bg)!important;font-size:12px!important;border-radius:20px!important;position:absolute!important;left:16px!important;top:16px!important;z-index:2!important;background:var(--color-content-secondary)!important;padding:2px 8px 2px 8px!important}.layout_11 .usg_post_custom_field_2{color:var(--color-header-middle-bg)!important;font-size:12px!important;border-radius:20px!important;position:absolute!important;left:16px!important;top:16px!important;z-index:2!important;background:var(--color-content-primary)!important;padding:2px 8px 2px 8px!important}}@media (min-width:601px) and (max-width:1024px){.layout_11 .usg_vwrapper_1{background:inherit!important;padding:1rem 1.2rem 1rem 1.2rem!important}.layout_11 .usg_post_title_1{color:var(--color-content-heading)!important;font-size:1rem!important;font-weight:700!important;margin-bottom:0.3rem!important}.layout_11 .usg_post_custom_field_1{color:var(--color-header-middle-bg)!important;font-size:12px!important;border-radius:20px!important;position:absolute!important;left:16px!important;top:16px!important;z-index:2!important;background:var(--color-content-secondary)!important;padding:2px 8px 2px 8px!important}.layout_11 .usg_post_custom_field_2{color:var(--color-header-middle-bg)!important;font-size:12px!important;border-radius:20px!important;position:absolute!important;left:16px!important;top:16px!important;z-index:2!important;background:var(--color-content-primary)!important;padding:2px 8px 2px 8px!important}}@media (max-width:600px){.layout_11 .usg_vwrapper_1{background:inherit!important;padding:1rem 1.2rem 1rem 1.2rem!important}.layout_11 .usg_post_title_1{color:var(--color-content-heading)!important;font-size:1rem!important;font-weight:700!important;margin-bottom:0.3rem!important}.layout_11 .usg_post_custom_field_1{color:var(--color-header-middle-bg)!important;font-size:12px!important;border-radius:20px!important;position:absolute!important;left:16px!important;top:16px!important;z-index:2!important;background:var(--color-content-secondary)!important;padding:2px 8px 2px 8px!important}.layout_11 .usg_post_custom_field_2{color:var(--color-header-middle-bg)!important;font-size:12px!important;border-radius:20px!important;position:absolute!important;left:16px!important;top:16px!important;z-index:2!important;background:var(--color-content-primary)!important;padding:2px 8px 2px 8px!important}}<\/style><div class=\"w-grid-list\">\t<article class=\"w-grid-item size_1x1 post-2729 mobilny-dom type-mobilny-dom status-publish has-post-thumbnail hentry kategoria-mb-berkay kategoria-tiny-house\" data-id=\"2729\">\r\n\t\t<div class=\"w-grid-item-h\">\r\n\t\t\t\t\t\t<div class=\"w-post-elm post_custom_field usg_post_custom_field_1 has_text_color type_text typ_domu has_border_radius\"><i class=\"far fa-truck-ramp\"><\/i><span class=\"w-post-elm-value\">Na koles\u00e1ch<\/span><\/div><div class=\"w-post-elm post_image usg_post_image_1 has_ratio\"><div style=\"padding-bottom:56.25%\"><\/div><a href=\"https:\/\/www.tinyrent.eu\/sk\/mobilny-dom\/mb-1-7m-2\/\" aria-label=\"MB 1 \/ 7m\"><img loading=\"lazy\" decoding=\"async\" width=\"1024\" height=\"1024\" src=\"https:\/\/www.tinyrent.eu\/wp-content\/uploads\/2024\/09\/e4d68aef-4558-456a-9d59-5ad508005430.png\" class=\"attachment-full size-full wp-post-image\" alt=\"\" srcset=\"https:\/\/www.tinyrent.eu\/wp-content\/uploads\/2024\/09\/e4d68aef-4558-456a-9d59-5ad508005430.png 1024w, https:\/\/www.tinyrent.eu\/wp-content\/uploads\/2024\/09\/e4d68aef-4558-456a-9d59-5ad508005430-600x600.png 600w, https:\/\/www.tinyrent.eu\/wp-content\/uploads\/2024\/09\/e4d68aef-4558-456a-9d59-5ad508005430-300x300.png 300w, https:\/\/www.tinyrent.eu\/wp-content\/uploads\/2024\/09\/e4d68aef-4558-456a-9d59-5ad508005430-12x12.png 12w\" sizes=\"auto, (max-width: 1024px) 100vw, 1024px\" \/><\/a><\/div><div class=\"w-vwrapper usg_vwrapper_1 align_center valign_middle\"><h2 class=\"w-post-elm post_title usg_post_title_1 has_text_color entry-title color_link_inherit\"><a href=\"https:\/\/www.tinyrent.eu\/sk\/mobilny-dom\/mb-1-7m-2\/\">MB 1 \/ 7m<\/a><\/h2><\/div>\t\t<\/div>\r\n\t<\/article>\r\n\t<article class=\"w-grid-item size_1x1 post-2531 mobilny-dom type-mobilny-dom status-publish has-post-thumbnail hentry kategoria-aurora\" data-id=\"2531\">\r\n\t\t<div class=\"w-grid-item-h\">\r\n\t\t\t\t\t\t<div class=\"w-post-elm post_custom_field usg_post_custom_field_1 has_text_color type_text typ_domu has_border_radius\"><i class=\"far fa-truck-ramp\"><\/i><span class=\"w-post-elm-value\">Na koles\u00e1ch<\/span><\/div><div class=\"w-post-elm post_image usg_post_image_1 has_ratio\"><div style=\"padding-bottom:56.25%\"><\/div><a href=\"https:\/\/www.tinyrent.eu\/sk\/mobilny-dom\/mb-moon\/\" aria-label=\"MB Moon\"><img loading=\"lazy\" decoding=\"async\" width=\"2560\" height=\"1920\" src=\"https:\/\/www.tinyrent.eu\/wp-content\/uploads\/2024\/06\/IMG_0792-scaled.jpeg\" class=\"attachment-full size-full wp-post-image\" alt=\"\" srcset=\"https:\/\/www.tinyrent.eu\/wp-content\/uploads\/2024\/06\/IMG_0792-scaled.jpeg 2560w, https:\/\/www.tinyrent.eu\/wp-content\/uploads\/2024\/06\/IMG_0792-600x450.jpeg 600w, https:\/\/www.tinyrent.eu\/wp-content\/uploads\/2024\/06\/IMG_0792-1024x768.jpeg 1024w\" sizes=\"auto, (max-width: 2560px) 100vw, 2560px\" \/><\/a><\/div><div class=\"w-vwrapper usg_vwrapper_1 align_center valign_middle\"><h2 class=\"w-post-elm post_title usg_post_title_1 has_text_color entry-title color_link_inherit\"><a href=\"https:\/\/www.tinyrent.eu\/sk\/mobilny-dom\/mb-moon\/\">MB Moon<\/a><\/h2><\/div>\t\t<\/div>\r\n\t<\/article>\r\n\t<article class=\"w-grid-item size_1x1 post-2453 mobilny-dom type-mobilny-dom status-publish has-post-thumbnail hentry kategoria-mb-berkay kategoria-tiny-house\" data-id=\"2453\">\r\n\t\t<div class=\"w-grid-item-h\">\r\n\t\t\t\t\t\t<div class=\"w-post-elm post_custom_field usg_post_custom_field_1 has_text_color type_text typ_domu has_border_radius\"><i class=\"far fa-truck-ramp\"><\/i><span class=\"w-post-elm-value\">Na koles\u00e1ch<\/span><\/div><div class=\"w-post-elm post_image usg_post_image_1 has_ratio\"><div style=\"padding-bottom:56.25%\"><\/div><a href=\"https:\/\/www.tinyrent.eu\/sk\/mobilny-dom\/mb-1-7m\/\" aria-label=\"MB 1 \/ 8m\"><img loading=\"lazy\" decoding=\"async\" width=\"2016\" height=\"1512\" src=\"https:\/\/www.tinyrent.eu\/wp-content\/uploads\/2024\/05\/IMG_8516.jpg\" class=\"attachment-full size-full wp-post-image\" alt=\"\" srcset=\"https:\/\/www.tinyrent.eu\/wp-content\/uploads\/2024\/05\/IMG_8516.jpg 2016w, https:\/\/www.tinyrent.eu\/wp-content\/uploads\/2024\/05\/IMG_8516-600x450.jpg 600w, https:\/\/www.tinyrent.eu\/wp-content\/uploads\/2024\/05\/IMG_8516-1024x768.jpg 1024w\" sizes=\"auto, (max-width: 2016px) 100vw, 2016px\" \/><\/a><\/div><div class=\"w-vwrapper usg_vwrapper_1 align_center valign_middle\"><h2 class=\"w-post-elm post_title usg_post_title_1 has_text_color entry-title color_link_inherit\"><a href=\"https:\/\/www.tinyrent.eu\/sk\/mobilny-dom\/mb-1-7m\/\">MB 1 \/ 8m<\/a><\/h2><\/div>\t\t<\/div>\r\n\t<\/article>\r\n\t<article class=\"w-grid-item size_1x1 post-2472 mobilny-dom type-mobilny-dom status-publish has-post-thumbnail hentry kategoria-mb-berkay kategoria-tiny-house\" data-id=\"2472\">\r\n\t\t<div class=\"w-grid-item-h\">\r\n\t\t\t\t\t\t<div class=\"w-post-elm post_custom_field usg_post_custom_field_1 has_text_color type_text typ_domu has_border_radius\"><i class=\"far fa-truck-ramp\"><\/i><span class=\"w-post-elm-value\">Na koles\u00e1ch<\/span><\/div><div class=\"w-post-elm post_image usg_post_image_1 has_ratio\"><div style=\"padding-bottom:56.25%\"><\/div><a href=\"https:\/\/www.tinyrent.eu\/sk\/mobilny-dom\/mb-2-8m\/\" aria-label=\"MB 2 \/ 8m\"><img loading=\"lazy\" decoding=\"async\" width=\"2560\" height=\"1920\" src=\"https:\/\/www.tinyrent.eu\/wp-content\/uploads\/2024\/05\/IMG_8478-scaled.jpg\" class=\"attachment-full size-full wp-post-image\" alt=\"\" srcset=\"https:\/\/www.tinyrent.eu\/wp-content\/uploads\/2024\/05\/IMG_8478-scaled.jpg 2560w, https:\/\/www.tinyrent.eu\/wp-content\/uploads\/2024\/05\/IMG_8478-600x450.jpg 600w, https:\/\/www.tinyrent.eu\/wp-content\/uploads\/2024\/05\/IMG_8478-1024x768.jpg 1024w\" sizes=\"auto, (max-width: 2560px) 100vw, 2560px\" \/><\/a><\/div><div class=\"w-vwrapper usg_vwrapper_1 align_center valign_middle\"><h2 class=\"w-post-elm post_title usg_post_title_1 has_text_color entry-title color_link_inherit\"><a href=\"https:\/\/www.tinyrent.eu\/sk\/mobilny-dom\/mb-2-8m\/\">MB 2 \/ 8m<\/a><\/h2><\/div>\t\t<\/div>\r\n\t<\/article>\r\n\t<article class=\"w-grid-item size_1x1 post-2481 mobilny-dom type-mobilny-dom status-publish has-post-thumbnail hentry kategoria-tiny-house\" data-id=\"2481\">\r\n\t\t<div class=\"w-grid-item-h\">\r\n\t\t\t\t\t\t<div class=\"w-post-elm post_custom_field usg_post_custom_field_1 has_text_color type_text typ_domu has_border_radius\"><i class=\"far fa-truck-ramp\"><\/i><span class=\"w-post-elm-value\">Na koles\u00e1ch<\/span><\/div><div class=\"w-post-elm post_image usg_post_image_1 has_ratio\"><div style=\"padding-bottom:56.25%\"><\/div><a href=\"https:\/\/www.tinyrent.eu\/sk\/mobilny-dom\/mb-4-8m\/\" aria-label=\"MB 4 \/ 8m\"><img loading=\"lazy\" decoding=\"async\" width=\"1179\" height=\"880\" src=\"https:\/\/www.tinyrent.eu\/wp-content\/uploads\/2024\/05\/IMG_6943.jpg\" class=\"attachment-full size-full wp-post-image\" alt=\"\" srcset=\"https:\/\/www.tinyrent.eu\/wp-content\/uploads\/2024\/05\/IMG_6943.jpg 1179w, https:\/\/www.tinyrent.eu\/wp-content\/uploads\/2024\/05\/IMG_6943-600x448.jpg 600w, https:\/\/www.tinyrent.eu\/wp-content\/uploads\/2024\/05\/IMG_6943-1024x764.jpg 1024w\" sizes=\"auto, (max-width: 1179px) 100vw, 1179px\" \/><\/a><\/div><div class=\"w-vwrapper usg_vwrapper_1 align_center valign_middle\"><h2 class=\"w-post-elm post_title usg_post_title_1 has_text_color entry-title color_link_inherit\"><a href=\"https:\/\/www.tinyrent.eu\/sk\/mobilny-dom\/mb-4-8m\/\">MB 4 \/ 8m<\/a><\/h2><\/div>\t\t<\/div>\r\n\t<\/article>\r\n<\/div><div class=\"w-grid-preloader\">\t<div class=\"g-preloader type_1\">\r\n\t\t<div><\/div>\r\n\t<\/div>\r\n\t<\/div>\t<div class=\"w-grid-json hidden\" onclick='return {&quot;action&quot;:&quot;us_ajax_grid&quot;,&quot;ajax_url&quot;:&quot;https:\\\/\\\/www.tinyrent.eu\\\/wp-admin\\\/admin-ajax.php&quot;,&quot;infinite_scroll&quot;:0,&quot;max_num_pages&quot;:1,&quot;pagination&quot;:&quot;none&quot;,&quot;template_vars&quot;:{&quot;columns&quot;:&quot;3&quot;,&quot;exclude_items&quot;:&quot;none&quot;,&quot;img_size&quot;:&quot;default&quot;,&quot;ignore_items_size&quot;:0,&quot;items_layout&quot;:&quot;11&quot;,&quot;items_offset&quot;:&quot;1&quot;,&quot;load_animation&quot;:&quot;none&quot;,&quot;overriding_link&quot;:&quot;{\\&quot;url\\&quot;:\\&quot;\\&quot;}&quot;,&quot;post_id&quot;:0,&quot;query_args&quot;:{&quot;post_type&quot;:[&quot;mobilny-dom&quot;],&quot;tax_query&quot;:[{&quot;taxonomy&quot;:&quot;kategoria&quot;,&quot;field&quot;:&quot;slug&quot;,&quot;terms&quot;:[&quot;aurora&quot;,&quot;tiny-house&quot;]}],&quot;post_status&quot;:[&quot;publish&quot;,&quot;acf-disabled&quot;],&quot;posts_per_page&quot;:&quot;6&quot;},&quot;orderby_query_args&quot;:{&quot;orderby&quot;:{&quot;menu_order&quot;:&quot;ASC&quot;},&quot;order&quot;:&quot;ASC&quot;},&quot;type&quot;:&quot;grid&quot;,&quot;us_grid_ajax_index&quot;:1,&quot;us_grid_filter_params&quot;:[],&quot;us_grid_index&quot;:1,&quot;_us_grid_post_type&quot;:&quot;mobilny-dom&quot;,&quot;page_args&quot;:[]}}'><\/div>\r\n\t<\/div><div class=\"w-separator size_custom\" style=\"height:150px\"><\/div><div class=\"g-cols wpb_row via_grid cols_2-3 laptops-cols_inherit tablets-cols_inherit mobiles-cols_1 valign_top type_default stacking_default\" style=\"--gap:3rem;\"><div class=\"wpb_column vc_column_container\"><div class=\"vc_column-inner\"><h2 class=\"w-text icon_atleft\"><span class=\"w-text-h\"><i class=\"fal fa-home-lg-alt\"><\/i><span class=\"w-text-value\">Statick\u00e9 mal\u00e9 domy<\/span><\/span><\/h2><\/div><\/div><div class=\"wpb_column vc_column_container\"><div class=\"vc_column-inner\"><div class=\"wpb_text_column\"><div class=\"wpb_wrapper\"><p>Chcete zauja\u0165 nie\u010d\u00edm in\u00fdm? Nie\u010d\u00edm extra, ako napr\u00edklad igloo alebo dom v tvare arti\u010doky? Alebo je va\u0161im cie\u013eom splyn\u00fa\u0165 s pr\u00edrodou a ma\u0165 \u0161t\u00fdlov\u00fd zrkadlov\u00fd dom ako z inej plan\u00e9ty? T\u00e1to sekcia je pre v\u00e1s!\u00a0<\/p>\n<\/div><\/div><\/div><\/div><\/div><div class=\"w-separator size_custom with_line width_default thick_1 style_solid color_border align_center\" style=\"height:64px\"><div class=\"w-separator-h\"><\/div><\/div><div class=\"w-grid type_grid layout_11 cols_3 overflow_hidden\" id=\"us_grid_2\" style=\"--gap:1.5rem;\" data-filterable=\"true\"><style>@media (max-width:1024px){#us_grid_2 .w-grid-item{width:50%}}@media (max-width:600px){#us_grid_2 .w-grid-list{margin:0}#us_grid_2 .w-grid-item{width:100%;padding:0;margin-bottom:var(--gap,0px)}}<\/style><div class=\"w-grid-list\">\t<article class=\"w-grid-item size_1x1 post-2240 mobilny-dom type-mobilny-dom status-publish has-post-thumbnail hentry kategoria-staticke-domy\" data-id=\"2240\">\r\n\t\t<div class=\"w-grid-item-h\">\r\n\t\t\t\t\t\t<div class=\"w-post-elm post_custom_field usg_post_custom_field_2 has_text_color type_text typ_domu has_border_radius\"><i class=\"far fa-anchor\"><\/i><span class=\"w-post-elm-value\">Statick\u00e9<\/span><\/div><div class=\"w-post-elm post_image usg_post_image_1 has_ratio\"><div style=\"padding-bottom:56.25%\"><\/div><a href=\"https:\/\/www.tinyrent.eu\/sk\/mobilny-dom\/igloo\/\" aria-label=\"Igloo\"><img loading=\"lazy\" decoding=\"async\" width=\"870\" height=\"630\" src=\"https:\/\/www.tinyrent.eu\/wp-content\/uploads\/2024\/02\/1.jpg\" class=\"attachment-full size-full wp-post-image\" alt=\"\" srcset=\"https:\/\/www.tinyrent.eu\/wp-content\/uploads\/2024\/02\/1.jpg 870w, https:\/\/www.tinyrent.eu\/wp-content\/uploads\/2024\/02\/1-600x434.jpg 600w\" sizes=\"auto, (max-width: 870px) 100vw, 870px\" \/><\/a><\/div><div class=\"w-vwrapper usg_vwrapper_1 align_center valign_middle\"><h2 class=\"w-post-elm post_title usg_post_title_1 has_text_color entry-title color_link_inherit\"><a href=\"https:\/\/www.tinyrent.eu\/sk\/mobilny-dom\/igloo\/\">Igloo<\/a><\/h2><\/div>\t\t<\/div>\r\n\t<\/article>\r\n\t<article class=\"w-grid-item size_1x1 post-2230 mobilny-dom type-mobilny-dom status-publish has-post-thumbnail hentry kategoria-staticke-domy\" data-id=\"2230\">\r\n\t\t<div class=\"w-grid-item-h\">\r\n\t\t\t\t\t\t<div class=\"w-post-elm post_custom_field usg_post_custom_field_2 has_text_color type_text typ_domu has_border_radius\"><i class=\"far fa-anchor\"><\/i><span class=\"w-post-elm-value\">Statick\u00e9<\/span><\/div><div class=\"w-post-elm post_image usg_post_image_1 has_ratio\"><div style=\"padding-bottom:56.25%\"><\/div><a href=\"https:\/\/www.tinyrent.eu\/sk\/mobilny-dom\/mirrror-house\/\" aria-label=\"Mirror house\"><img loading=\"lazy\" decoding=\"async\" width=\"1536\" height=\"1261\" src=\"https:\/\/www.tinyrent.eu\/wp-content\/uploads\/2024\/03\/kop.jpeg\" class=\"attachment-full size-full wp-post-image\" alt=\"\" srcset=\"https:\/\/www.tinyrent.eu\/wp-content\/uploads\/2024\/03\/kop.jpeg 1536w, https:\/\/www.tinyrent.eu\/wp-content\/uploads\/2024\/03\/kop-600x493.jpeg 600w, https:\/\/www.tinyrent.eu\/wp-content\/uploads\/2024\/03\/kop-1024x841.jpeg 1024w\" sizes=\"auto, (max-width: 1536px) 100vw, 1536px\" \/><\/a><\/div><div class=\"w-vwrapper usg_vwrapper_1 align_center valign_middle\"><h2 class=\"w-post-elm post_title usg_post_title_1 has_text_color entry-title color_link_inherit\"><a href=\"https:\/\/www.tinyrent.eu\/sk\/mobilny-dom\/mirrror-house\/\">Mirror house<\/a><\/h2><\/div>\t\t<\/div>\r\n\t<\/article>\r\n<\/div><div class=\"w-grid-preloader\">\t<div class=\"g-preloader type_1\">\r\n\t\t<div><\/div>\r\n\t<\/div>\r\n\t<\/div>\t<div class=\"w-grid-json hidden\" onclick='return {&quot;action&quot;:&quot;us_ajax_grid&quot;,&quot;ajax_url&quot;:&quot;https:\\\/\\\/www.tinyrent.eu\\\/wp-admin\\\/admin-ajax.php&quot;,&quot;infinite_scroll&quot;:0,&quot;max_num_pages&quot;:1,&quot;pagination&quot;:&quot;none&quot;,&quot;template_vars&quot;:{&quot;columns&quot;:&quot;3&quot;,&quot;exclude_items&quot;:&quot;none&quot;,&quot;img_size&quot;:&quot;default&quot;,&quot;ignore_items_size&quot;:0,&quot;items_layout&quot;:&quot;11&quot;,&quot;items_offset&quot;:&quot;1&quot;,&quot;load_animation&quot;:&quot;none&quot;,&quot;overriding_link&quot;:&quot;{\\&quot;url\\&quot;:\\&quot;\\&quot;}&quot;,&quot;post_id&quot;:0,&quot;query_args&quot;:{&quot;post_type&quot;:[&quot;mobilny-dom&quot;],&quot;tax_query&quot;:[{&quot;taxonomy&quot;:&quot;kategoria&quot;,&quot;field&quot;:&quot;slug&quot;,&quot;terms&quot;:[&quot;staticke-domy&quot;]}],&quot;post_status&quot;:[&quot;publish&quot;,&quot;acf-disabled&quot;],&quot;posts_per_page&quot;:&quot;10&quot;},&quot;orderby_query_args&quot;:{&quot;orderby&quot;:{&quot;date&quot;:&quot;DESC&quot;}},&quot;type&quot;:&quot;grid&quot;,&quot;us_grid_ajax_index&quot;:2,&quot;us_grid_filter_params&quot;:[],&quot;us_grid_index&quot;:2,&quot;_us_grid_post_type&quot;:&quot;mobilny-dom&quot;,&quot;page_args&quot;:[]}}'><\/div>\r\n\t<\/div><div class=\"w-separator size_custom\" style=\"height:150px\"><\/div><div class=\"g-cols wpb_row via_grid cols_2-3 laptops-cols_inherit tablets-cols_inherit mobiles-cols_1 valign_top type_default stacking_default\" style=\"--gap:3rem;\"><div class=\"wpb_column vc_column_container\"><div class=\"vc_column-inner\"><h2 class=\"w-text icon_atleft\"><span class=\"w-text-h\"><i class=\"fal fa-home-lg-alt\"><\/i><span class=\"w-text-value\">Domy v akci\u00ed<\/span><\/span><\/h2><\/div><\/div><div class=\"wpb_column vc_column_container\"><div class=\"vc_column-inner\"><div class=\"wpb_text_column\"><div class=\"wpb_wrapper\"><p>Tu n\u00e1jdete v\u0161etky dom\u010deky, ktor\u00e9 moment\u00e1lne pred\u00e1vame s akciou, vo v\u00fdpredaji alebo na\u0161im klientom. Tieto domy s\u00fa tak isto plnohodnotn\u00e9 a ich v\u00fdhodou je odber ihne\u010f.<\/p>\n<\/div><\/div><\/div><\/div><\/div><div class=\"w-separator size_custom with_line width_default thick_1 style_solid color_border align_center\" style=\"height:64px\"><div class=\"w-separator-h\"><\/div><\/div><div class=\"w-grid type_grid layout_11 cols_3 overflow_hidden\" id=\"us_grid_3\" style=\"--gap:1.5rem;\" data-filterable=\"true\"><style>@media (max-width:1024px){#us_grid_3 .w-grid-item{width:50%}}@media (max-width:600px){#us_grid_3 .w-grid-list{margin:0}#us_grid_3 .w-grid-item{width:100%;padding:0;margin-bottom:var(--gap,0px)}}<\/style><div class=\"w-grid-list\">\t<article class=\"w-grid-item size_1x1 post-2549 mobilny-dom type-mobilny-dom status-publish has-post-thumbnail hentry kategoria-showroom-predaj\" data-id=\"2549\">\r\n\t\t<div class=\"w-grid-item-h\">\r\n\t\t\t\t\t\t<div class=\"w-post-elm post_custom_field usg_post_custom_field_1 has_text_color type_text typ_domu has_border_radius\"><i class=\"far fa-truck-ramp\"><\/i><span class=\"w-post-elm-value\">Na koles\u00e1ch<\/span><\/div><div class=\"w-post-elm post_image usg_post_image_1 has_ratio\"><div style=\"padding-bottom:56.25%\"><\/div><a href=\"https:\/\/www.tinyrent.eu\/sk\/mobilny-dom\/mb-a\/\" aria-label=\"MB &#8211; A\"><img loading=\"lazy\" decoding=\"async\" width=\"1170\" height=\"780\" src=\"https:\/\/www.tinyrent.eu\/wp-content\/uploads\/2024\/06\/mooblehouse-18.jpeg\" class=\"attachment-full size-full wp-post-image\" alt=\"\" srcset=\"https:\/\/www.tinyrent.eu\/wp-content\/uploads\/2024\/06\/mooblehouse-18.jpeg 1170w, https:\/\/www.tinyrent.eu\/wp-content\/uploads\/2024\/06\/mooblehouse-18-600x400.jpeg 600w, https:\/\/www.tinyrent.eu\/wp-content\/uploads\/2024\/06\/mooblehouse-18-1024x683.jpeg 1024w\" sizes=\"auto, (max-width: 1170px) 100vw, 1170px\" \/><\/a><\/div><div class=\"w-vwrapper usg_vwrapper_1 align_center valign_middle\"><h2 class=\"w-post-elm post_title usg_post_title_1 has_text_color entry-title color_link_inherit\"><a href=\"https:\/\/www.tinyrent.eu\/sk\/mobilny-dom\/mb-a\/\">MB &#8211; A<\/a><\/h2><\/div>\t\t<\/div>\r\n\t<\/article>\r\n<\/div><div class=\"w-grid-preloader\">\t<div class=\"g-preloader type_1\">\r\n\t\t<div><\/div>\r\n\t<\/div>\r\n\t<\/div>\t<div class=\"w-grid-json hidden\" onclick='return {&quot;action&quot;:&quot;us_ajax_grid&quot;,&quot;ajax_url&quot;:&quot;https:\\\/\\\/www.tinyrent.eu\\\/wp-admin\\\/admin-ajax.php&quot;,&quot;infinite_scroll&quot;:0,&quot;max_num_pages&quot;:1,&quot;pagination&quot;:&quot;none&quot;,&quot;template_vars&quot;:{&quot;columns&quot;:&quot;3&quot;,&quot;exclude_items&quot;:&quot;none&quot;,&quot;img_size&quot;:&quot;default&quot;,&quot;ignore_items_size&quot;:0,&quot;items_layout&quot;:&quot;11&quot;,&quot;items_offset&quot;:&quot;1&quot;,&quot;load_animation&quot;:&quot;none&quot;,&quot;overriding_link&quot;:&quot;{\\&quot;url\\&quot;:\\&quot;\\&quot;}&quot;,&quot;post_id&quot;:0,&quot;query_args&quot;:{&quot;post_type&quot;:[&quot;mobilny-dom&quot;],&quot;tax_query&quot;:[{&quot;taxonomy&quot;:&quot;kategoria&quot;,&quot;field&quot;:&quot;slug&quot;,&quot;terms&quot;:[&quot;showroom-predaj&quot;]}],&quot;post_status&quot;:[&quot;publish&quot;,&quot;acf-disabled&quot;],&quot;posts_per_page&quot;:&quot;6&quot;},&quot;orderby_query_args&quot;:{&quot;orderby&quot;:&quot;RAND(1751855465)&quot;},&quot;type&quot;:&quot;grid&quot;,&quot;us_grid_ajax_index&quot;:3,&quot;us_grid_filter_params&quot;:[],&quot;us_grid_index&quot;:3,&quot;_us_grid_post_type&quot;:&quot;mobilny-dom&quot;,&quot;page_args&quot;:[]}}'><\/div>\r\n\t<\/div><\/div><\/div><\/div><\/div><\/section>\n","protected":false},"excerpt":{"rendered":"","protected":false},"author":1,"featured_media":0,"parent":0,"menu_order":0,"comment_status":"closed","ping_status":"closed","template":"","meta":{"footnotes":""},"class_list":["post-2139","page","type-page","status-publish","hentry"],"acf":[],"_links":{"self":[{"href":"https:\/\/www.tinyrent.eu\/sk\/wp-json\/wp\/v2\/pages\/2139","targetHints":{"allow":["GET"]}}],"collection":[{"href":"https:\/\/www.tinyrent.eu\/sk\/wp-json\/wp\/v2\/pages"}],"about":[{"href":"https:\/\/www.tinyrent.eu\/sk\/wp-json\/wp\/v2\/types\/page"}],"author":[{"embeddable":true,"href":"https:\/\/www.tinyrent.eu\/sk\/wp-json\/wp\/v2\/users\/1"}],"replies":[{"embeddable":true,"href":"https:\/\/www.tinyrent.eu\/sk\/wp-json\/wp\/v2\/comments?post=2139"}],"version-history":[{"count":34,"href":"https:\/\/www.tinyrent.eu\/sk\/wp-json\/wp\/v2\/pages\/2139\/revisions"}],"predecessor-version":[{"id":2578,"href":"https:\/\/www.tinyrent.eu\/sk\/wp-json\/wp\/v2\/pages\/2139\/revisions\/2578"}],"wp:attachment":[{"href":"https:\/\/www.tinyrent.eu\/sk\/wp-json\/wp\/v2\/media?parent=2139"}],"curies":[{"name":"wp","href":"https:\/\/api.w.org\/{rel}","templated":true}]}}