{"id":41,"date":"2022-12-18T12:39:50","date_gmt":"2022-12-18T10:39:50","guid":{"rendered":"https:\/\/www.tinyrent.eu\/?page_id=41"},"modified":"2024-07-12T15:19:47","modified_gmt":"2024-07-12T13:19:47","slug":"o-nas","status":"publish","type":"page","link":"https:\/\/www.tinyrent.eu\/sk\/o-nas\/","title":{"rendered":"O n\u00e1s"},"content":{"rendered":"<section class=\"l-section wpb_row height_huge\"><div class=\"l-section-h i-cf\"><div class=\"g-cols vc_row via_grid cols_2-3 laptops-cols_2 tablets-cols_inherit mobiles-cols_1 valign_middle type_default stacking_default\" style=\"--gap:5%;\"><div class=\"wpb_column vc_column_container\"><div class=\"vc_column-inner\"><div class=\"w-image has_ratio align_none\"><div class=\"w-image-h\"><div style=\"padding-bottom:100%\"><\/div><img loading=\"lazy\" decoding=\"async\" width=\"1024\" height=\"683\" src=\"https:\/\/www.tinyrent.eu\/wp-content\/uploads\/2024\/02\/mooble-podbanske-4496-HQ-1024x683.jpg\" class=\"attachment-large size-large\" alt=\"Tiny House\" srcset=\"https:\/\/www.tinyrent.eu\/wp-content\/uploads\/2024\/02\/mooble-podbanske-4496-HQ-1024x683.jpg 1024w, https:\/\/www.tinyrent.eu\/wp-content\/uploads\/2024\/02\/mooble-podbanske-4496-HQ-600x400.jpg 600w, https:\/\/www.tinyrent.eu\/wp-content\/uploads\/2024\/02\/mooble-podbanske-4496-HQ.jpg 1169w\" sizes=\"auto, (max-width: 1024px) 100vw, 1024px\" \/><\/div><\/div><\/div><\/div><div class=\"wpb_column vc_column_container\"><div class=\"vc_column-inner\"><div class=\"wpb_text_column\"><div class=\"wpb_wrapper\"><h2 style=\"text-align: center;\">Tiny Rent<\/h2>\n<p style=\"text-align: center;\">Projekt Tiny Rent vnikol v roku 2023 ako prirodzen\u00fd v\u00fdvoj podnikate\u013esk\u00e9ho pr\u00edbehu. To, \u010do za\u010dalo ako sen dvoch nad\u0161encov v predaji a pren\u00e1jme mal\u00fdch mobiln\u00fdch a statick\u00fdch dom\u010dekov (Tiny Houses), prer\u00e1stlo do udr\u017eate\u013en\u00e9ho rie\u0161enia alternat\u00edvneho ubytovania.<\/p>\n<p style=\"text-align: center;\">Vznikla zna\u010dka Tiny Rent, ktor\u00e1 pred\u00e1va a prenaj\u00edma atrakt\u00edvne mal\u00e9 dom\u010deky nie len na koles\u00e1ch. Rie\u0161enie vytv\u00e1ra miesto na \u00fanik od zhonu mesta a miesto na tr\u00e1venie svoj vo\u013en\u00fd \u010das jedine\u010dn\u00fdm sp\u00f4sobom, ktor\u00fd je trochu in\u00fd.<\/p>\n<p style=\"text-align: center;\">Projekt reflektuje na ur\u010dit\u00fa zmenu cestovate\u013esk\u00fdch n\u00e1vykov, obmedzen\u00e9 mo\u017enosti cestovania, \u010di silnej\u0161iu potrebu tr\u00e1vi\u0165 \u010das vonku na \u010derstvom vzduchu. Kempovanie je \u010doraz popul\u00e1rnej\u0161ie. Niet sa \u010domu \u010dudova\u0165, kemping d\u00e1va ten prav\u00fd \u201eoutdoor\u201c pocit, ktor\u00fd nemo\u017eno porovn\u00e1va\u0165 s hotelovou izbou alebo apartm\u00e1nom.<\/p>\n<p style=\"text-align: center;\">Na\u0161im poslan\u00edm je dodanie unik\u00e1tnych dovolenkov\u00fdch a atypick\u00fdch glampingov\u00fdch domov pre v\u00e1s alebo va\u0161e podnikanie. Zaviazali sme s k\u00a0 vysokokvalitn\u00fdm, r\u00fdchlo dostupn\u00fdm, udr\u017eate\u013en\u00fdm a cenovo dostupn\u00fdm mal\u00fdm a flexibiln\u00fdm domom.<\/p>\n<\/div><\/div><\/div><\/div><\/div><\/div><\/section><section class=\"l-section wpb_row us_custom_7e20fa79 us_animate_this height_auto\"><div class=\"l-section-h i-cf\"><div class=\"g-cols vc_row via_grid cols_1 laptops-cols_inherit tablets-cols_inherit mobiles-cols_1 valign_top type_default stacking_default\"><div class=\"wpb_column vc_column_container\"><div class=\"vc_column-inner\"><div class=\"w-separator size_small\"><\/div><h2 class=\"w-text\"><span class=\"w-text-h\"><span class=\"w-text-value\">Produkty najvy\u0161\u0161ej kvality, vyr\u00e1ban\u00e9 v zhode s najpr\u00edsnej\u0161\u00edmi legislat\u00edvnymi po\u017eiadavkami.<\/span><\/span><\/h2><div class=\"wpb_text_column\"><div class=\"wpb_wrapper\"><\/div><\/div><div class=\"w-separator size_medium\"><\/div><div class=\"wpb_text_column\"><div class=\"wpb_wrapper\"><ul>\n<li style=\"list-style-type: none;\">\n<ul>\n<li>Sp\u00e1ja \u013eud\u00ed s pr\u00edrodou. Mobiln\u00e9 domy s\u00fa certifikovan\u00e9 pre \u0165ahanie na eur\u00f3pskych cest\u00e1ch.<\/li>\n<li>Modul\u00e1rne domy sp\u013a\u0148aj\u00fa po\u017eiadavky na celoro\u010dn\u00fa prev\u00e1dzku<\/li>\n<li>Ide\u00e1lne pre \u017eivotn\u00fd \u0161t\u00fdl, ktor\u00fd je \u0161etrn\u00fd k pr\u00edrode.<\/li>\n<li>V\u00fdroba s prihliadnut\u00edm na potreby, zvyky a \u017eelania pou\u017e\u00edvate\u013ea.<\/li>\n<li>Cie\u013eom je poskytn\u00fa\u0165 svojim pou\u017e\u00edvate\u013eom pohodln\u00fd z\u00e1\u017eitok z b\u00fdvania s d\u00f4razom udr\u017eate\u013enosti na ka\u017edom kroku od n\u00e1vrhu po v\u00fdrobu, od v\u00fdberu samotn\u00fdch materi\u00e1lov a\u017e po v\u00fdber n\u00e1bytku a vybavenia.<\/li>\n<li>V\u0161etky domy s\u00fa vyr\u00e1ban\u00e9 z odoln\u00fdch stavebn\u00fdch materi\u00e1lov s dlhou \u017eivotnos\u0165ou s oh\u013eadom na n\u00e1ro\u010dn\u00e9 klimatick\u00e9 podmienky. V\u0161etky komponenty sp\u013a\u0148aj\u00fa vysok\u00e9 \u0161tandardy kvality a ekol\u00f3gie.<\/li>\n<li>N\u00e1vrh a v\u00fdrobn\u00fd proces je realizovan\u00fd v s\u00falade s medzin\u00e1rodn\u00fdmi normami.<\/li>\n<li>\u017divot vo vysokom komforte bez oh\u013eadu na miesto a ro\u010dn\u00e9 obdobie.<\/li>\n<\/ul>\n<p><strong>\u00a0<\/strong><\/p>\n<\/li>\n<\/ul>\n<\/div><\/div><div class=\"w-separator size_medium\"><\/div><h2 class=\"w-text\"><span class=\"w-text-h\"><span class=\"w-text-value\">T\u00edm Tiny Rent<\/span><\/span><\/h2><div class=\"wpb_text_column\"><div class=\"wpb_wrapper\"><blockquote>\n<p>Toto je n\u00e1\u0161 oddan\u00fd t\u00edm, ktor\u00fd denno-denne spolupracuje, aby na\u0161im klientom priniesol tie naj\u00fa\u017easnej\u0161ie projekty a v\u00fdsledky!<\/p>\n<p>\u00a0<\/p>\n<\/blockquote>\n<\/div><\/div><div class=\"g-cols wpb_row via_grid cols_4 laptops-cols_inherit tablets-cols_2 mobiles-cols_1 valign_top type_default stacking_default\" style=\"--gap:1.8rem;\"><div class=\"wpb_column vc_column_container\"><div class=\"vc_column-inner\"><div class=\"w-image has_ratio align_none\"><div class=\"w-image-h\"><div style=\"padding-bottom:133.3333%\"><\/div><img loading=\"lazy\" decoding=\"async\" width=\"800\" height=\"800\" src=\"https:\/\/www.tinyrent.eu\/wp-content\/uploads\/2024\/02\/1655734620498.jpeg\" class=\"attachment-large size-large\" alt=\"\" srcset=\"https:\/\/www.tinyrent.eu\/wp-content\/uploads\/2024\/02\/1655734620498.jpeg 800w, https:\/\/www.tinyrent.eu\/wp-content\/uploads\/2024\/02\/1655734620498-600x600.jpeg 600w, https:\/\/www.tinyrent.eu\/wp-content\/uploads\/2024\/02\/1655734620498-300x300.jpeg 300w\" sizes=\"auto, (max-width: 800px) 100vw, 800px\" \/><\/div><\/div><div class=\"w-separator size_small\"><\/div><div class=\"w-text\"><span class=\"w-text-h\"><span class=\"w-text-value\">Tiny Agent<\/span><\/span><\/div><h4 class=\"w-text\"><span class=\"w-text-h\"><span class=\"w-text-value\">Michal Pelach<\/span><\/span><\/h4><\/div><\/div><div class=\"wpb_column vc_column_container\"><div class=\"vc_column-inner\"><div class=\"w-image has_ratio align_none\"><div class=\"w-image-h\"><div style=\"padding-bottom:133.3333%\"><\/div><img loading=\"lazy\" decoding=\"async\" width=\"817\" height=\"972\" src=\"https:\/\/www.tinyrent.eu\/wp-content\/uploads\/2024\/02\/IMG_4044-1.jpg\" class=\"attachment-large size-large\" alt=\"\" srcset=\"https:\/\/www.tinyrent.eu\/wp-content\/uploads\/2024\/02\/IMG_4044-1.jpg 817w, https:\/\/www.tinyrent.eu\/wp-content\/uploads\/2024\/02\/IMG_4044-1-504x600.jpg 504w\" sizes=\"auto, (max-width: 817px) 100vw, 817px\" \/><\/div><\/div><div class=\"w-separator size_small\"><\/div><div class=\"w-text\"><span class=\"w-text-h\"><span class=\"w-text-value\">Tiny portf\u00f3lio manager<\/span><\/span><\/div><h4 class=\"w-text\"><span class=\"w-text-h\"><span class=\"w-text-value\">Matej Pelach<\/span><\/span><\/h4><\/div><\/div><div class=\"wpb_column vc_column_container\"><div class=\"vc_column-inner\"><div class=\"w-image has_ratio align_none\"><div class=\"w-image-h\"><div style=\"padding-bottom:133.3333%\"><\/div><img loading=\"lazy\" decoding=\"async\" width=\"824\" height=\"1024\" src=\"https:\/\/www.tinyrent.eu\/wp-content\/uploads\/2024\/02\/IMG_4043-824x1024.jpg\" class=\"attachment-large size-large\" alt=\"\" srcset=\"https:\/\/www.tinyrent.eu\/wp-content\/uploads\/2024\/02\/IMG_4043-824x1024.jpg 824w, https:\/\/www.tinyrent.eu\/wp-content\/uploads\/2024\/02\/IMG_4043-483x600.jpg 483w, https:\/\/www.tinyrent.eu\/wp-content\/uploads\/2024\/02\/IMG_4043.jpg 1179w\" sizes=\"auto, (max-width: 824px) 100vw, 824px\" \/><\/div><\/div><div class=\"w-separator size_small\"><\/div><div class=\"w-text\"><span class=\"w-text-h\"><span class=\"w-text-value\">Tiny Agent<\/span><\/span><\/div><h4 class=\"w-text\"><span class=\"w-text-h\"><span class=\"w-text-value\">Erik Bako\u0161<\/span><\/span><\/h4><\/div><\/div><div class=\"wpb_column vc_column_container\"><div class=\"vc_column-inner\"><div class=\"w-image has_ratio align_none\"><div class=\"w-image-h\"><div style=\"padding-bottom:133.3333%\"><\/div><img loading=\"lazy\" decoding=\"async\" width=\"843\" height=\"1024\" src=\"https:\/\/www.tinyrent.eu\/wp-content\/uploads\/2024\/03\/PHOTO-2024-02-27-20-28-33-843x1024.jpg\" class=\"attachment-large size-large\" alt=\"\" srcset=\"https:\/\/www.tinyrent.eu\/wp-content\/uploads\/2024\/03\/PHOTO-2024-02-27-20-28-33-843x1024.jpg 843w, https:\/\/www.tinyrent.eu\/wp-content\/uploads\/2024\/03\/PHOTO-2024-02-27-20-28-33-494x600.jpg 494w, https:\/\/www.tinyrent.eu\/wp-content\/uploads\/2024\/03\/PHOTO-2024-02-27-20-28-33.jpg 1170w\" sizes=\"auto, (max-width: 843px) 100vw, 843px\" \/><\/div><\/div><div class=\"w-separator size_small\"><\/div><div class=\"w-text\"><span class=\"w-text-h\"><span class=\"w-text-value\">Tiny Marke\u0165\u00e1k<\/span><\/span><\/div><h4 class=\"w-text\"><span class=\"w-text-h\"><span class=\"w-text-value\">Greta Trnkov\u00e1<\/span><\/span><\/h4><\/div><\/div><\/div><\/div><\/div><\/div><\/div><\/section><section class=\"l-section wpb_row height_large\"><div class=\"l-section-h i-cf\"><div class=\"g-cols vc_row via_grid cols_1 laptops-cols_inherit tablets-cols_inherit mobiles-cols_1 valign_top type_default stacking_default\" style=\"--gap:0rem;\"><div class=\"wpb_column vc_column_container\"><div class=\"vc_column-inner\"><div class=\"wpb_text_column\"><div class=\"wpb_wrapper\"><h2 style=\"text-align: center;\">Pre\u010do si vybra\u0165 n\u00e1s?<\/h2>\n<p style=\"text-align: center;\">Tiny Rent platforma sa zameriava na poskytovanie pr\u00edle\u017eitost\u00ed na pren\u00e1jom a predaj mal\u00fdch domov na r\u00f4znych miestach. Cie\u013eom zna\u010dky je pon\u00faka\u0165 jedine\u010dn\u00e9, ekologick\u00e9 a ekonomick\u00fd prijate\u013en\u00e9 z\u00e1\u017eitky pre svojich majite\u013eov alebo prenaj\u00edmate\u013eov prostredn\u00edctvom rozmanitej \u0161k\u00e1ly mal\u00fdch domov, ktor\u00e9 uspokoja r\u00f4zne potreby a preferencie.<\/p>\n<\/div><\/div><div class=\"w-separator size_large\"><\/div><div class=\"g-cols wpb_row via_grid cols_2 laptops-cols_inherit tablets-cols_1 mobiles-cols_1 valign_middle type_default stacking_default\" style=\"--gap:3rem;\"><div class=\"wpb_column vc_column_container\"><div class=\"vc_column-inner\"><div class=\"w-iconbox iconpos_left style_default color_primary align_left\"><div class=\"w-iconbox-icon\" style=\"font-size:50px;\"><i class=\"fas fa-star\"><\/i><\/div><div class=\"w-iconbox-meta\"><h4 class=\"w-iconbox-title\">Kvalita a dizajn<\/h4><div class=\"w-iconbox-text\"><p>Tiny Rent spolupracuje s r\u00f4znymi dizajn\u00e9rmi a stavite\u013emi a pon\u00faka prisp\u00f4sobite\u013en\u00e9 mal\u00e9 domy. Tieto partnerstv\u00e1 umo\u017e\u0148uj\u00fa cel\u00fd rad dizajnov a funkci\u00ed, ktor\u00e9 mo\u017eno prisp\u00f4sobi\u0165 \u0161pecifick\u00fdm potreb\u00e1m z\u00e1kazn\u00edkov. V\u0161etky na\u0161e domy sp\u013a\u0148aj\u00fa vysok\u00e9 \u0161tandardy v\u00fdroby a prev\u00e1dzky.<\/p>\n<\/div><\/div><\/div><div class=\"w-separator size_large\"><\/div><div class=\"w-iconbox iconpos_left style_default color_primary align_left\"><div class=\"w-iconbox-icon\" style=\"font-size:50px;\"><i class=\"fas fa-thumbs-up\"><\/i><\/div><div class=\"w-iconbox-meta\"><h4 class=\"w-iconbox-title\">Unik\u00e1tny v\u00fdber<\/h4><div class=\"w-iconbox-text\"><p>Ka\u017ed\u00fd mal\u00fd dom\u010dek je jedine\u010dne navrhnut\u00fd a vybaven\u00fd. Niektor\u00e9 domy maj\u00fa luxusn\u00e9 interi\u00e9ry, in\u00e9 sa zameriavaj\u00fa na minimalistick\u00fd a funk\u010dn\u00fd dizajn. Be\u017en\u00e9 vybavenie zah\u0155\u0148a kuchynky, \u200b\u200bk\u00fape\u013ene, klimatiz\u00e1ciu a vonkaj\u0161ie priestory, ako s\u00fa verandy alebo in\u00e9 volite\u013en\u00e9 vybavenie.<\/p>\n<\/div><\/div><\/div><div class=\"w-separator size_large\"><\/div><div class=\"w-iconbox iconpos_left style_default color_primary align_left\"><div class=\"w-iconbox-icon\" style=\"font-size:50px;\"><i class=\"fas fa-car\"><\/i><\/div><div class=\"w-iconbox-meta\"><h4 class=\"w-iconbox-title\">Flexibilita spolupr\u00e1ce<\/h4><div class=\"w-iconbox-text\"><p>Na\u0161e dom\u010deky si viete vysk\u00fa\u0161a\u0165 na vlastnej ko\u017ei, sme vybaven\u00fd naj\u0161ir\u0161\u00edm portf\u00f3liom domov v na\u0161om showroome alebo v na\u0161ich partnersk\u00fdch spolupr\u00e1cach v r\u00f4znych rezortoch. Domy s\u00fa vhodn\u00e9 na financovanie leasingom alebo pren\u00e1jom.<\/p>\n<\/div><\/div><\/div><\/div><\/div><div class=\"wpb_column vc_column_container\"><div class=\"vc_column-inner\"><div class=\"w-image has_ratio align_none\"><div class=\"w-image-h\"><div style=\"padding-bottom:100%\"><\/div><img loading=\"lazy\" decoding=\"async\" width=\"768\" height=\"1024\" src=\"https:\/\/www.tinyrent.eu\/wp-content\/uploads\/2024\/06\/Zdjecie-15.04.2024-14-43-54-768x1024.jpg\" class=\"attachment-large size-large\" alt=\"\" srcset=\"https:\/\/www.tinyrent.eu\/wp-content\/uploads\/2024\/06\/Zdjecie-15.04.2024-14-43-54-768x1024.jpg 768w, https:\/\/www.tinyrent.eu\/wp-content\/uploads\/2024\/06\/Zdjecie-15.04.2024-14-43-54-450x600.jpg 450w, https:\/\/www.tinyrent.eu\/wp-content\/uploads\/2024\/06\/Zdjecie-15.04.2024-14-43-54-scaled.jpg 1920w\" sizes=\"auto, (max-width: 768px) 100vw, 768px\" \/><\/div><\/div><\/div><\/div><\/div><\/div><\/div><\/div><\/div><\/section><section class=\"l-section wpb_row height_small\"><div class=\"l-section-h i-cf\"><div class=\"g-cols vc_row via_grid cols_1 laptops-cols_inherit tablets-cols_inherit mobiles-cols_1 valign_top type_default stacking_default\"><div class=\"wpb_column vc_column_container\"><div class=\"vc_column-inner\"><h1 class=\"w-text us_custom_e22d6cb6\"><span class=\"w-text-h\"><span class=\"w-text-value\">Kontaktujte n\u00e1s<\/span><\/span><\/h1><div class=\"w-separator size_medium\"><\/div><div class=\"wpb_text_column us_custom_f51e26ff\"><div class=\"wpb_wrapper\"><p>Ve\u013emi radi v\u00e1m zodpovieme v\u0161etky ot\u00e1zky. Nev\u00e1hajte n\u00e1s kontaktova\u0165.\u00a0<\/p>\n<\/div><\/div><div class=\"w-separator size_medium\"><\/div><div class=\"w-hwrapper valign_top wrap align_center\"><div class=\"w-btn-wrapper align_none\"><a class=\"w-btn us-btn-style_2 us_custom_b4198c51 icon_atleft\" href=\"mailto:info@tinyrent.eu\"><i class=\"far fa-envelope\"><\/i><span class=\"w-btn-label\">Po\u0161li e-mail<\/span><\/a><\/div><div class=\"w-btn-wrapper align_none\"><a class=\"w-btn us-btn-style_2 us_custom_b4198c51 icon_atleft\" href=\"https:\/\/wa.me\/+421905318672\"><i class=\"fab fa-whatsapp\"><\/i><span class=\"w-btn-label\">Nap\u00ed\u0161 na Whatsapp<\/span><\/a><\/div><\/div><\/div><\/div><\/div><\/div><\/section>\n","protected":false},"excerpt":{"rendered":"","protected":false},"author":1,"featured_media":0,"parent":0,"menu_order":0,"comment_status":"closed","ping_status":"closed","template":"","meta":{"footnotes":""},"class_list":["post-41","page","type-page","status-publish","hentry"],"acf":[],"_links":{"self":[{"href":"https:\/\/www.tinyrent.eu\/sk\/wp-json\/wp\/v2\/pages\/41","targetHints":{"allow":["GET"]}}],"collection":[{"href":"https:\/\/www.tinyrent.eu\/sk\/wp-json\/wp\/v2\/pages"}],"about":[{"href":"https:\/\/www.tinyrent.eu\/sk\/wp-json\/wp\/v2\/types\/page"}],"author":[{"embeddable":true,"href":"https:\/\/www.tinyrent.eu\/sk\/wp-json\/wp\/v2\/users\/1"}],"replies":[{"embeddable":true,"href":"https:\/\/www.tinyrent.eu\/sk\/wp-json\/wp\/v2\/comments?post=41"}],"version-history":[{"count":36,"href":"https:\/\/www.tinyrent.eu\/sk\/wp-json\/wp\/v2\/pages\/41\/revisions"}],"predecessor-version":[{"id":2573,"href":"https:\/\/www.tinyrent.eu\/sk\/wp-json\/wp\/v2\/pages\/41\/revisions\/2573"}],"wp:attachment":[{"href":"https:\/\/www.tinyrent.eu\/sk\/wp-json\/wp\/v2\/media?parent=41"}],"curies":[{"name":"wp","href":"https:\/\/api.w.org\/{rel}","templated":true}]}}